{"id":1895,"date":"2024-07-31T13:29:42","date_gmt":"2024-07-31T13:29:42","guid":{"rendered":"https:\/\/ordagoteatro.com\/?page_id=1895"},"modified":"2025-08-27T17:14:29","modified_gmt":"2025-08-27T17:14:29","slug":"portada-2","status":"publish","type":"page","link":"https:\/\/ordagoteatro.com\/eus\/","title":{"rendered":"PORTADA"},"content":{"rendered":"<p>[et_pb_section fb_built=\u00bb1&#8243; admin_label=\u00bbHeader\u00bb _builder_version=\u00bb4.18.0&#8243; _module_preset=\u00bbdefault\u00bb global_colors_info=\u00bb{}\u00bb][et_pb_row _builder_version=\u00bb4.27.4&#8243; _module_preset=\u00bbdefault\u00bb global_colors_info=\u00bb{}\u00bb][et_pb_column type=\u00bb4_4&#8243; _builder_version=\u00bb4.27.4&#8243; _module_preset=\u00bbdefault\u00bb global_colors_info=\u00bb{}\u00bb][et_pb_social_media_follow _builder_version=\u00bb4.27.4&#8243; _module_preset=\u00bbdefault\u00bb text_orientation=\u00bbright\u00bb module_alignment=\u00bbright\u00bb global_colors_info=\u00bb{}\u00bb][et_pb_social_media_follow_network social_network=\u00bbfacebook\u00bb _builder_version=\u00bb4.27.4&#8243; _module_preset=\u00bbdefault\u00bb background_color=\u00bb#3b5998&#8243; global_colors_info=\u00bb{}\u00bb follow_button=\u00bboff\u00bb url_new_window=\u00bbon\u00bb]facebook[\/et_pb_social_media_follow_network][et_pb_social_media_follow_network social_network=\u00bbtwitter\u00bb _builder_version=\u00bb4.27.4&#8243; _module_preset=\u00bbdefault\u00bb background_color=\u00bb#000000&#8243; global_colors_info=\u00bb{}\u00bb follow_button=\u00bboff\u00bb url_new_window=\u00bbon\u00bb]X[\/et_pb_social_media_follow_network][et_pb_social_media_follow_network social_network=\u00bbinstagram\u00bb _builder_version=\u00bb4.27.4&#8243; _module_preset=\u00bbdefault\u00bb background_color=\u00bb#ea2c59&#8243; global_colors_info=\u00bb{}\u00bb follow_button=\u00bboff\u00bb url_new_window=\u00bbon\u00bb]instagram[\/et_pb_social_media_follow_network][\/et_pb_social_media_follow][\/et_pb_column][\/et_pb_row][et_pb_row column_structure=\u00bb1_4,1_2,1_4&#8243; _builder_version=\u00bb4.18.0&#8243; _module_preset=\u00bbdefault\u00bb global_colors_info=\u00bb{}\u00bb][et_pb_column type=\u00bb1_4&#8243; _builder_version=\u00bb4.18.0&#8243; _module_preset=\u00bbdefault\u00bb global_colors_info=\u00bb{}\u00bb][\/et_pb_column][et_pb_column type=\u00bb1_2&#8243; _builder_version=\u00bb4.18.0&#8243; _module_preset=\u00bbdefault\u00bb global_colors_info=\u00bb{}\u00bb][et_pb_image src=\u00bbhttps:\/\/ordagoteatro.com\/wp-content\/uploads\/2024\/07\/ordagoteatronnegro.png\u00bb alt=\u00bbLogo \u00f3rdago teatro\u00bb title_text=\u00bbLogo \u00f3rdago teatro\u00bb force_fullwidth=\u00bbon\u00bb _builder_version=\u00bb4.27.4&#8243; _module_preset=\u00bbdefault\u00bb global_colors_info=\u00bb{}\u00bb][\/et_pb_image][\/et_pb_column][et_pb_column type=\u00bb1_4&#8243; _builder_version=\u00bb4.18.0&#8243; _module_preset=\u00bbdefault\u00bb global_colors_info=\u00bb{}\u00bb][\/et_pb_column][\/et_pb_row][\/et_pb_section][et_pb_section fb_built=\u00bb1&#8243; admin_label=\u00bbDetails\u00bb _builder_version=\u00bb4.18.0&#8243; _module_preset=\u00bbdefault\u00bb global_colors_info=\u00bb{}\u00bb][et_pb_row _builder_version=\u00bb4.18.0&#8243; _module_preset=\u00bbdefault\u00bb global_colors_info=\u00bb{}\u00bb][et_pb_column type=\u00bb4_4&#8243; _builder_version=\u00bb4.18.0&#8243; _module_preset=\u00bbdefault\u00bb global_colors_info=\u00bb{}\u00bb][et_pb_text _builder_version=\u00bb4.18.0&#8243; _module_preset=\u00bb32021f09-dd67-47fb-8f9a-832b72a38baf\u00bb header_2_font=\u00bbKrona One||||||||\u00bb header_2_text_color=\u00bb#000000&#8243; header_2_font_size=\u00bb50px\u00bb header_2_line_height=\u00bb1.35em\u00bb header_2_font_size_tablet=\u00bb30px\u00bb header_2_font_size_phone=\u00bb18px\u00bb header_2_font_size_last_edited=\u00bbon|phone\u00bb global_colors_info=\u00bb{}\u00bb]<\/p>\n<h2>SOBRE NOSOTROS<\/h2>\n<p>[\/et_pb_text][\/et_pb_column][\/et_pb_row][et_pb_row column_structure=\u00bb3_5,2_5&#8243; _builder_version=\u00bb4.27.4&#8243; _module_preset=\u00bbdefault\u00bb global_colors_info=\u00bb{}\u00bb][et_pb_column type=\u00bb3_5&#8243; _builder_version=\u00bb4.18.0&#8243; _module_preset=\u00bbdefault\u00bb global_colors_info=\u00bb{}\u00bb][et_pb_text _builder_version=\u00bb4.27.4&#8243; _module_preset=\u00bb16a54059-cc81-4572-9c70-eda6a6c419bf\u00bb text_font=\u00bbMontserrat||||||||\u00bb text_font_size=\u00bb21px\u00bb text_line_height=\u00bb1.8em\u00bb hover_enabled=\u00bb0&#8243; text_font_size_tablet=\u00bb18px\u00bb text_font_size_phone=\u00bb17px\u00bb text_font_size_last_edited=\u00bbon|phone\u00bb header_font_size_tablet=\u00bb55px\u00bb header_font_size_last_edited=\u00bboff|desktop\u00bb locked=\u00bboff\u00bb global_colors_info=\u00bb{}\u00bb sticky_enabled=\u00bb0&#8243;]<\/p>\n<p class=\"p1\" style=\"text-align: justify;\">\u00d3rdago teatro es una compa\u00f1\u00eda dedicada a la creaci\u00f3n y producci\u00f3n de espect\u00e1culos de humor y clown en peque\u00f1o y mediano formato, concebidos tanto para espacios esc\u00e9nicos como para la calle.<\/p>\n<p class=\"p1\" style=\"text-align: justify;\">Nuestro trabajo se fundamenta en la t\u00e9cnica del clown contempor\u00e1neo, un lenguaje esc\u00e9nico que parte de la vulnerabilidad, la presencia y la escucha profunda. El clown no interpreta un personaje: se expone, se revela, se ofrece al p\u00fablico desde la honestidad m\u00e1s radical. En esa entrega sin artificios nace un v\u00ednculo \u00fanico, en el que la risa no es solo entretenimiento, sino un acto de humanidad compartida.<\/p>\n<p class=\"p1\" style=\"text-align: justify;\">En un tiempo atravesado por la prisa, la incertidumbre y el aislamiento, creemos en el poder transformador de la risa. Re\u00edr \u2014de nosotros mismos, con los otros, sin razones complejas\u2014 es un gesto subversivo y necesario. Nuestras propuestas buscan abrir espacios de encuentro, ternura y celebraci\u00f3n, all\u00ed donde se presenten.<\/p>\n<p class=\"p1\" style=\"text-align: justify;\">Trabajamos con formatos accesibles, m\u00f3viles y adaptables, manteniendo siempre el nivel art\u00edstico y una profunda conexi\u00f3n con el momento presente. Porque hacer re\u00edr es, hoy m\u00e1s que nunca, un acto muy serio.<\/p>\n<p class=\"p1\" style=\"text-align: justify;\">Trabajamos para publicos diversos, con clara vocacion de hacer del arte escenico una experiencia compartida, inclusiva y transfomadora.<\/p>\n<p class=\"p1\" style=\"text-align: justify;\">En \u00d3rdago teatro creemos en el poder del juego, de la risa como herramientas de transformaci\u00f3n social y humana.<\/p>\n<p>[\/et_pb_text][\/et_pb_column][et_pb_column type=\u00bb2_5&#8243; _builder_version=\u00bb4.18.0&#8243; _module_preset=\u00bbdefault\u00bb global_colors_info=\u00bb{}\u00bb][et_pb_image src=\u00bbhttps:\/\/ordagoteatro.com\/wp-content\/uploads\/2025\/08\/predossier-LA-INAGURACION-6.jpg\u00bb title_text=\u00bbpredossier LA INAGURACI\u00d3N &#8211; 9&#8243; show_in_lightbox=\u00bbon\u00bb use_overlay=\u00bbon\u00bb overlay_icon_color=\u00bb#2B2521&#8243; _builder_version=\u00bb4.27.4&#8243; _module_preset=\u00bbdefault\u00bb locked=\u00bboff\u00bb global_colors_info=\u00bb{}\u00bb][\/et_pb_image][et_pb_image src=\u00bbhttps:\/\/ordagoteatro.com\/wp-content\/uploads\/2025\/08\/teatro-de-callle.jpeg\u00bb title_text=\u00bbteatro de callle\u00bb _builder_version=\u00bb4.27.4&#8243; _module_preset=\u00bbdefault\u00bb global_colors_info=\u00bb{}\u00bb][\/et_pb_image][\/et_pb_column][\/et_pb_row][et_pb_row column_structure=\u00bb1_4,1_2,1_4&#8243; _builder_version=\u00bb4.18.0&#8243; _module_preset=\u00bbdefault\u00bb global_colors_info=\u00bb{}\u00bb][et_pb_column type=\u00bb1_4&#8243; _builder_version=\u00bb4.18.0&#8243; _module_preset=\u00bbdefault\u00bb global_colors_info=\u00bb{}\u00bb][\/et_pb_column][et_pb_column type=\u00bb1_2&#8243; _builder_version=\u00bb4.18.0&#8243; _module_preset=\u00bbdefault\u00bb global_colors_info=\u00bb{}\u00bb][et_pb_image src=\u00bbhttps:\/\/ordagoteatro.com\/wp-content\/uploads\/2025\/08\/WhatsApp-Image-2025-08-19-at-5.23.44-p.-m.jpeg\u00bb title_text=\u00bbWhatsApp Image 2025-08-19 at 5.23.44\u202fp.\u202fm.\u00bb _builder_version=\u00bb4.27.4&#8243; _module_preset=\u00bbdefault\u00bb global_colors_info=\u00bb{}\u00bb][\/et_pb_image][\/et_pb_column][et_pb_column type=\u00bb1_4&#8243; _builder_version=\u00bb4.18.0&#8243; _module_preset=\u00bbdefault\u00bb global_colors_info=\u00bb{}\u00bb][\/et_pb_column][\/et_pb_row][\/et_pb_section][et_pb_section fb_built=\u00bb1&#8243; admin_label=\u00bbCTA\u00bb _builder_version=\u00bb4.18.0&#8243; _module_preset=\u00bbdefault\u00bb locked=\u00bboff\u00bb global_colors_info=\u00bb{}\u00bb][et_pb_row _builder_version=\u00bb4.18.0&#8243; _module_preset=\u00bbdefault\u00bb global_colors_info=\u00bb{}\u00bb][et_pb_column type=\u00bb4_4&#8243; _builder_version=\u00bb4.18.0&#8243; _module_preset=\u00bbdefault\u00bb custom_padding=\u00bb20px||||false|false\u00bb custom_padding_tablet=\u00bb0px||||false|false\u00bb custom_padding_phone=\u00bb0px||||false|false\u00bb custom_padding_last_edited=\u00bbon|tablet\u00bb global_colors_info=\u00bb{}\u00bb][et_pb_text _builder_version=\u00bb4.27.4&#8243; _module_preset=\u00bb32021f09-dd67-47fb-8f9a-832b72a38baf\u00bb header_2_font=\u00bbKrona One||||||||\u00bb header_2_text_color=\u00bb#000000&#8243; header_2_font_size=\u00bb50px\u00bb header_2_line_height=\u00bb1.35em\u00bb header_2_font_size_tablet=\u00bb30px\u00bb header_2_font_size_phone=\u00bb18px\u00bb header_2_font_size_last_edited=\u00bbon|phone\u00bb locked=\u00bboff\u00bb global_colors_info=\u00bb{}\u00bb]<\/p>\n<h2 style=\"text-align: center;\">CAMARLENGOS<\/h2>\n<h2 style=\"text-align: center;\">Pr\u00f3ximo espect\u00e1culo<\/h2>\n<p>[\/et_pb_text][et_pb_text _builder_version=\u00bb4.27.4&#8243; _module_preset=\u00bb16a54059-cc81-4572-9c70-eda6a6c419bf\u00bb text_font=\u00bbMontserrat||||||||\u00bb text_font_size=\u00bb21px\u00bb text_line_height=\u00bb1.8em\u00bb text_font_size_tablet=\u00bb18px\u00bb text_font_size_phone=\u00bb17px\u00bb text_font_size_last_edited=\u00bbon|phone\u00bb locked=\u00bboff\u00bb global_colors_info=\u00bb{}\u00bb]<\/p>\n<p><span><em><strong>LA INAUGURACI\u00d3N<\/strong><\/em>,<\/span><span>\u00a0una obra en clave de clown pensada tanto para espacios de calle como de interior (s\u00ed, tambi\u00e9n cabemos en sitios con techo).<\/span><br \/><strong>Un espect\u00e1culo donde lo solemne se desmadra, lo ceremonial se vuelve ca\u00f3tico, el protocolo se va al garete y la risa siempre acaba sali\u00e9ndose con la suya.<\/strong><\/p>\n<p>[\/et_pb_text][et_pb_button button_url=\u00bbhttps:\/\/ordagoteatro.com\/camarlengos\/\u00bb button_text=\u00bbsaber m\u00e1s\u00bb button_alignment=\u00bbcenter\u00bb _builder_version=\u00bb4.27.4&#8243; _module_preset=\u00bb363528df-7a78-4b8b-b056-96826b579607&#8243; custom_button=\u00bbon\u00bb button_text_size=\u00bb14px\u00bb button_text_color=\u00bb#000000&#8243; button_border_color=\u00bb#000000&#8243; button_border_radius=\u00bb0px\u00bb button_letter_spacing=\u00bb4px\u00bb button_font=\u00bbKrona One|||on|||||\u00bb custom_padding=\u00bb16px|24px|16px|24px|true|true\u00bb custom_padding_tablet=\u00bb14px|22px|14px|22px|true|true\u00bb custom_padding_phone=\u00bb12px|18px|12px|18px|true|true\u00bb custom_padding_last_edited=\u00bboff|desktop\u00bb locked=\u00bboff\u00bb global_colors_info=\u00bb{}\u00bb button_border_color__hover=\u00bbRGBA(255,255,255,0)\u00bb button_border_color__hover_enabled=\u00bboff|desktop\u00bb button_bg_color__hover=\u00bb#E1D9D7&#8243; button_bg_color__hover_enabled=\u00bboff|desktop\u00bb][\/et_pb_button][et_pb_image src=\u00bbhttps:\/\/ordagoteatro.com\/wp-content\/uploads\/2025\/08\/RECORTE.jpg\u00bb title_text=\u00bbRECORTE\u00bb _builder_version=\u00bb4.27.4&#8243; _module_preset=\u00bbdefault\u00bb locked=\u00bboff\u00bb global_colors_info=\u00bb{}\u00bb][\/et_pb_image][\/et_pb_column][\/et_pb_row][et_pb_row _builder_version=\u00bb4.27.4&#8243; _module_preset=\u00bbdefault\u00bb global_colors_info=\u00bb{}\u00bb][et_pb_column type=\u00bb4_4&#8243; _builder_version=\u00bb4.27.4&#8243; _module_preset=\u00bbdefault\u00bb global_colors_info=\u00bb{}\u00bb][\/et_pb_column][\/et_pb_row][et_pb_row column_structure=\u00bb1_4,1_2,1_4&#8243; _builder_version=\u00bb4.27.4&#8243; _module_preset=\u00bbdefault\u00bb global_colors_info=\u00bb{}\u00bb][et_pb_column type=\u00bb1_4&#8243; _builder_version=\u00bb4.27.4&#8243; _module_preset=\u00bbdefault\u00bb global_colors_info=\u00bb{}\u00bb][\/et_pb_column][et_pb_column type=\u00bb1_2&#8243; _builder_version=\u00bb4.27.4&#8243; _module_preset=\u00bbdefault\u00bb global_colors_info=\u00bb{}\u00bb][et_pb_button button_url=\u00bbhttps:\/\/ordagoteatro.com\/contacto\/\u00bb button_text=\u00bb+ INFO\u00bb button_alignment=\u00bbcenter\u00bb _builder_version=\u00bb4.27.4&#8243; _module_preset=\u00bba93bd5f4-85ca-4af8-aab9-5954042d5969&#8243; custom_button=\u00bbon\u00bb button_text_size=\u00bb14px\u00bb button_text_color=\u00bb#000000&#8243; button_border_width=\u00bb3px\u00bb button_border_color=\u00bb#000000&#8243; button_border_radius=\u00bb0px\u00bb button_letter_spacing=\u00bb5px\u00bb button_font=\u00bbKrona One|||on|||||\u00bb custom_padding=\u00bb16px|24px|16px|24px|true|true\u00bb locked=\u00bboff\u00bb global_colors_info=\u00bb{}\u00bb button_text_color__hover_enabled=\u00bboff|hover\u00bb button_bg_color__hover=\u00bb#372E2B\u00bb button_bg_color__hover_enabled=\u00bboff|desktop\u00bb][\/et_pb_button][\/et_pb_column][et_pb_column type=\u00bb1_4&#8243; _builder_version=\u00bb4.27.4&#8243; _module_preset=\u00bbdefault\u00bb global_colors_info=\u00bb{}\u00bb][\/et_pb_column][\/et_pb_row][\/et_pb_section]<\/p>\n","protected":false},"excerpt":{"rendered":"<p>\u00d3rdago teatro, compa\u00f1\u00eda artesanal de las artes esc\u00e9nicas, dedicada a la creaci\u00f3n y producci\u00f3n de espect\u00e1culos de humor y clown en peque\u00f1o y mediano formato, concebidos tanto para espacios esc\u00e9nicos como para la calle.<\/p>","protected":false},"author":1,"featured_media":1959,"parent":0,"menu_order":0,"comment_status":"closed","ping_status":"closed","template":"","meta":{"_et_pb_use_builder":"on","_et_pb_old_content":"","_et_gb_content_width":"","footnotes":""},"class_list":["post-1895","page","type-page","status-publish","has-post-thumbnail","hentry"],"yoast_head":"<!-- This site is optimized with the Yoast SEO plugin v27.4 - https:\/\/yoast.com\/product\/yoast-seo-wordpress\/ -->\n<title>PORTADA &#8902; \u00d3rdago teatro<\/title>\n<meta name=\"robots\" content=\"index, follow, max-snippet:-1, max-image-preview:large, max-video-preview:-1\" \/>\n<link rel=\"canonical\" href=\"https:\/\/ordagoteatro.com\/eus\/\" \/>\n<meta property=\"og:locale\" content=\"en_US\" \/>\n<meta property=\"og:type\" content=\"article\" \/>\n<meta property=\"og:title\" content=\"PORTADA &#8902; \u00d3rdago teatro\" \/>\n<meta property=\"og:description\" content=\"\u00d3rdago teatro, compa\u00f1\u00eda artesanal de las artes esc\u00e9nicas, dedicada a la creaci\u00f3n y producci\u00f3n de espect\u00e1culos de humor y clown en peque\u00f1o y mediano formato, concebidos tanto para espacios esc\u00e9nicos como para la calle.\" \/>\n<meta property=\"og:url\" content=\"https:\/\/ordagoteatro.com\/eus\/\" \/>\n<meta property=\"og:site_name\" content=\"\u00d3rdago teatro\" \/>\n<meta property=\"article:modified_time\" content=\"2025-08-27T17:14:29+00:00\" \/>\n<meta property=\"og:image\" content=\"https:\/\/ordagoteatro.com\/wp-content\/uploads\/2024\/07\/ordagoteatronnegro.png\" \/>\n\t<meta property=\"og:image:width\" content=\"2151\" \/>\n\t<meta property=\"og:image:height\" content=\"1193\" \/>\n\t<meta property=\"og:image:type\" content=\"image\/png\" \/>\n<meta name=\"twitter:card\" content=\"summary_large_image\" \/>\n<meta name=\"twitter:label1\" content=\"Est. reading time\" \/>\n\t<meta name=\"twitter:data1\" content=\"7 minutua\" \/>\n<script type=\"application\/ld+json\" class=\"yoast-schema-graph\">{\"@context\":\"https:\\\/\\\/schema.org\",\"@graph\":[{\"@type\":\"WebPage\",\"@id\":\"https:\\\/\\\/ordagoteatro.com\\\/es\\\/\",\"url\":\"https:\\\/\\\/ordagoteatro.com\\\/es\\\/\",\"name\":\"PORTADA &#8902; \u00d3rdago teatro\",\"isPartOf\":{\"@id\":\"https:\\\/\\\/ordagoteatro.com\\\/#website\"},\"primaryImageOfPage\":{\"@id\":\"https:\\\/\\\/ordagoteatro.com\\\/es\\\/#primaryimage\"},\"image\":{\"@id\":\"https:\\\/\\\/ordagoteatro.com\\\/es\\\/#primaryimage\"},\"thumbnailUrl\":\"https:\\\/\\\/i0.wp.com\\\/ordagoteatro.com\\\/wp-content\\\/uploads\\\/2024\\\/07\\\/ordagoteatronnegro.png?fit=2151%2C1193&ssl=1\",\"datePublished\":\"2024-07-31T13:29:42+00:00\",\"dateModified\":\"2025-08-27T17:14:29+00:00\",\"breadcrumb\":{\"@id\":\"https:\\\/\\\/ordagoteatro.com\\\/es\\\/#breadcrumb\"},\"inLanguage\":\"eu\",\"potentialAction\":[{\"@type\":\"ReadAction\",\"target\":[\"https:\\\/\\\/ordagoteatro.com\\\/es\\\/\"]}]},{\"@type\":\"ImageObject\",\"inLanguage\":\"eu\",\"@id\":\"https:\\\/\\\/ordagoteatro.com\\\/es\\\/#primaryimage\",\"url\":\"https:\\\/\\\/i0.wp.com\\\/ordagoteatro.com\\\/wp-content\\\/uploads\\\/2024\\\/07\\\/ordagoteatronnegro.png?fit=2151%2C1193&ssl=1\",\"contentUrl\":\"https:\\\/\\\/i0.wp.com\\\/ordagoteatro.com\\\/wp-content\\\/uploads\\\/2024\\\/07\\\/ordagoteatronnegro.png?fit=2151%2C1193&ssl=1\",\"width\":2151,\"height\":1193,\"caption\":\"Logo \u00f3rdago teatro\"},{\"@type\":\"BreadcrumbList\",\"@id\":\"https:\\\/\\\/ordagoteatro.com\\\/es\\\/#breadcrumb\",\"itemListElement\":[{\"@type\":\"ListItem\",\"position\":1,\"name\":\"Portada\",\"item\":\"https:\\\/\\\/ordagoteatro.com\\\/es\\\/\"},{\"@type\":\"ListItem\",\"position\":2,\"name\":\"PORTADA\"}]},{\"@type\":\"WebSite\",\"@id\":\"https:\\\/\\\/ordagoteatro.com\\\/#website\",\"url\":\"https:\\\/\\\/ordagoteatro.com\\\/\",\"name\":\"descubre discover dcouvrir entdecken Bilbao\",\"description\":\"Compa\u00f1ia artesanal de las artes esc\u00e9nicas\",\"publisher\":{\"@id\":\"https:\\\/\\\/ordagoteatro.com\\\/#\\\/schema\\\/person\\\/41dd82454b2d19babbe7a8f7d2c3b8c7\"},\"potentialAction\":[{\"@type\":\"SearchAction\",\"target\":{\"@type\":\"EntryPoint\",\"urlTemplate\":\"https:\\\/\\\/ordagoteatro.com\\\/?s={search_term_string}\"},\"query-input\":{\"@type\":\"PropertyValueSpecification\",\"valueRequired\":true,\"valueName\":\"search_term_string\"}}],\"inLanguage\":\"eu\"},{\"@type\":[\"Person\",\"Organization\"],\"@id\":\"https:\\\/\\\/ordagoteatro.com\\\/#\\\/schema\\\/person\\\/41dd82454b2d19babbe7a8f7d2c3b8c7\",\"name\":\"Guanjor7\",\"image\":{\"@type\":\"ImageObject\",\"inLanguage\":\"eu\",\"@id\":\"https:\\\/\\\/secure.gravatar.com\\\/avatar\\\/2f1754da39c7afd604eb9db998130c3a30df504b3d497665c2cd90a3cb560779?s=96&d=mm&r=g\",\"url\":\"https:\\\/\\\/secure.gravatar.com\\\/avatar\\\/2f1754da39c7afd604eb9db998130c3a30df504b3d497665c2cd90a3cb560779?s=96&d=mm&r=g\",\"contentUrl\":\"https:\\\/\\\/secure.gravatar.com\\\/avatar\\\/2f1754da39c7afd604eb9db998130c3a30df504b3d497665c2cd90a3cb560779?s=96&d=mm&r=g\",\"caption\":\"Guanjor7\"},\"logo\":{\"@id\":\"https:\\\/\\\/secure.gravatar.com\\\/avatar\\\/2f1754da39c7afd604eb9db998130c3a30df504b3d497665c2cd90a3cb560779?s=96&d=mm&r=g\"},\"sameAs\":[\"https:\\\/\\\/discoverbilbao.eu\"]}]}<\/script>\n<!-- \/ Yoast SEO plugin. -->","yoast_head_json":{"title":"PORTADA &#8902; \u00d3rdago teatro","robots":{"index":"index","follow":"follow","max-snippet":"max-snippet:-1","max-image-preview":"max-image-preview:large","max-video-preview":"max-video-preview:-1"},"canonical":"https:\/\/ordagoteatro.com\/eus\/","og_locale":"en_US","og_type":"article","og_title":"PORTADA &#8902; \u00d3rdago teatro","og_description":"\u00d3rdago teatro, compa\u00f1\u00eda artesanal de las artes esc\u00e9nicas, dedicada a la creaci\u00f3n y producci\u00f3n de espect\u00e1culos de humor y clown en peque\u00f1o y mediano formato, concebidos tanto para espacios esc\u00e9nicos como para la calle.","og_url":"https:\/\/ordagoteatro.com\/eus\/","og_site_name":"\u00d3rdago teatro","article_modified_time":"2025-08-27T17:14:29+00:00","og_image":[{"width":2151,"height":1193,"url":"https:\/\/ordagoteatro.com\/wp-content\/uploads\/2024\/07\/ordagoteatronnegro.png","type":"image\/png"}],"twitter_card":"summary_large_image","twitter_misc":{"Est. reading time":"7 minutua"},"schema":{"@context":"https:\/\/schema.org","@graph":[{"@type":"WebPage","@id":"https:\/\/ordagoteatro.com\/es\/","url":"https:\/\/ordagoteatro.com\/es\/","name":"PORTADA &#8902; \u00d3rdago teatro","isPartOf":{"@id":"https:\/\/ordagoteatro.com\/#website"},"primaryImageOfPage":{"@id":"https:\/\/ordagoteatro.com\/es\/#primaryimage"},"image":{"@id":"https:\/\/ordagoteatro.com\/es\/#primaryimage"},"thumbnailUrl":"https:\/\/i0.wp.com\/ordagoteatro.com\/wp-content\/uploads\/2024\/07\/ordagoteatronnegro.png?fit=2151%2C1193&ssl=1","datePublished":"2024-07-31T13:29:42+00:00","dateModified":"2025-08-27T17:14:29+00:00","breadcrumb":{"@id":"https:\/\/ordagoteatro.com\/es\/#breadcrumb"},"inLanguage":"eu","potentialAction":[{"@type":"ReadAction","target":["https:\/\/ordagoteatro.com\/es\/"]}]},{"@type":"ImageObject","inLanguage":"eu","@id":"https:\/\/ordagoteatro.com\/es\/#primaryimage","url":"https:\/\/i0.wp.com\/ordagoteatro.com\/wp-content\/uploads\/2024\/07\/ordagoteatronnegro.png?fit=2151%2C1193&ssl=1","contentUrl":"https:\/\/i0.wp.com\/ordagoteatro.com\/wp-content\/uploads\/2024\/07\/ordagoteatronnegro.png?fit=2151%2C1193&ssl=1","width":2151,"height":1193,"caption":"Logo \u00f3rdago teatro"},{"@type":"BreadcrumbList","@id":"https:\/\/ordagoteatro.com\/es\/#breadcrumb","itemListElement":[{"@type":"ListItem","position":1,"name":"Portada","item":"https:\/\/ordagoteatro.com\/es\/"},{"@type":"ListItem","position":2,"name":"PORTADA"}]},{"@type":"WebSite","@id":"https:\/\/ordagoteatro.com\/#website","url":"https:\/\/ordagoteatro.com\/","name":"descubre discover dcouvrir entdecken Bilbao","description":"Compa\u00f1ia artesanal de las artes esc\u00e9nicas","publisher":{"@id":"https:\/\/ordagoteatro.com\/#\/schema\/person\/41dd82454b2d19babbe7a8f7d2c3b8c7"},"potentialAction":[{"@type":"SearchAction","target":{"@type":"EntryPoint","urlTemplate":"https:\/\/ordagoteatro.com\/?s={search_term_string}"},"query-input":{"@type":"PropertyValueSpecification","valueRequired":true,"valueName":"search_term_string"}}],"inLanguage":"eu"},{"@type":["Person","Organization"],"@id":"https:\/\/ordagoteatro.com\/#\/schema\/person\/41dd82454b2d19babbe7a8f7d2c3b8c7","name":"Guanjor7","image":{"@type":"ImageObject","inLanguage":"eu","@id":"https:\/\/secure.gravatar.com\/avatar\/2f1754da39c7afd604eb9db998130c3a30df504b3d497665c2cd90a3cb560779?s=96&d=mm&r=g","url":"https:\/\/secure.gravatar.com\/avatar\/2f1754da39c7afd604eb9db998130c3a30df504b3d497665c2cd90a3cb560779?s=96&d=mm&r=g","contentUrl":"https:\/\/secure.gravatar.com\/avatar\/2f1754da39c7afd604eb9db998130c3a30df504b3d497665c2cd90a3cb560779?s=96&d=mm&r=g","caption":"Guanjor7"},"logo":{"@id":"https:\/\/secure.gravatar.com\/avatar\/2f1754da39c7afd604eb9db998130c3a30df504b3d497665c2cd90a3cb560779?s=96&d=mm&r=g"},"sameAs":["https:\/\/discoverbilbao.eu"]}]}},"jetpack_sharing_enabled":true,"_links":{"self":[{"href":"https:\/\/ordagoteatro.com\/eus\/wp-json\/wp\/v2\/pages\/1895","targetHints":{"allow":["GET"]}}],"collection":[{"href":"https:\/\/ordagoteatro.com\/eus\/wp-json\/wp\/v2\/pages"}],"about":[{"href":"https:\/\/ordagoteatro.com\/eus\/wp-json\/wp\/v2\/types\/page"}],"author":[{"embeddable":true,"href":"https:\/\/ordagoteatro.com\/eus\/wp-json\/wp\/v2\/users\/1"}],"replies":[{"embeddable":true,"href":"https:\/\/ordagoteatro.com\/eus\/wp-json\/wp\/v2\/comments?post=1895"}],"version-history":[{"count":40,"href":"https:\/\/ordagoteatro.com\/eus\/wp-json\/wp\/v2\/pages\/1895\/revisions"}],"predecessor-version":[{"id":2222,"href":"https:\/\/ordagoteatro.com\/eus\/wp-json\/wp\/v2\/pages\/1895\/revisions\/2222"}],"wp:featuredmedia":[{"embeddable":true,"href":"https:\/\/ordagoteatro.com\/eus\/wp-json\/wp\/v2\/media\/1959"}],"wp:attachment":[{"href":"https:\/\/ordagoteatro.com\/eus\/wp-json\/wp\/v2\/media?parent=1895"}],"curies":[{"name":"wp","href":"https:\/\/api.w.org\/{rel}","templated":true}]}}